{"id":229,"date":"2014-01-28T13:16:21","date_gmt":"2014-01-28T12:16:21","guid":{"rendered":"https:\/\/easystaybcn.com\/?page_id=229"},"modified":"2014-02-06T18:59:46","modified_gmt":"2014-02-06T17:59:46","slug":"peticion-de-reserva","status":"publish","type":"page","link":"https:\/\/easystaybcn.com\/es\/peticion-de-reserva\/","title":{"rendered":"Petici\u00f3n de reserva"},"content":{"rendered":"<p><strong>Este apartamento est\u00e1 sujeto a confirmaci\u00f3n de disponibilidad.<br \/>\nPuede enviarnos sus datos y nos pondremos en contacto con usted.<\/strong><\/p>\n\n<div class=\"wpcf7 no-js\" id=\"wpcf7-f225-o1\" lang=\"es-ES\" dir=\"ltr\">\n<div class=\"screen-reader-response\"><p role=\"status\" aria-live=\"polite\" aria-atomic=\"true\"><\/p> <ul><\/ul><\/div>\n<form action=\"\/es\/wp-json\/wp\/v2\/pages\/229#wpcf7-f225-o1\" method=\"post\" class=\"wpcf7-form init\" aria-label=\"Formulario de contacto\" novalidate=\"novalidate\" data-status=\"init\">\n<div style=\"display: none;\">\n<input type=\"hidden\" name=\"_wpcf7\" value=\"225\" \/>\n<input type=\"hidden\" name=\"_wpcf7_version\" value=\"5.9.8\" \/>\n<input type=\"hidden\" name=\"_wpcf7_locale\" value=\"es_ES\" \/>\n<input type=\"hidden\" name=\"_wpcf7_unit_tag\" value=\"wpcf7-f225-o1\" \/>\n<input type=\"hidden\" name=\"_wpcf7_container_post\" value=\"0\" \/>\n<input type=\"hidden\" name=\"_wpcf7_posted_data_hash\" value=\"\" \/>\n<input type=\"hidden\" name=\"_wpcf7_recaptcha_response\" value=\"\" \/>\n<\/div>\n<p>APARTAMENTO<span class=\"req\"> *<\/span>\n<\/p>\n<p><span class=\"wpcf7-form-control-wrap\" data-name=\"menu-apartments\"><select class=\"wpcf7-form-control wpcf7-select wpcf7-validates-as-required\" aria-required=\"true\" aria-invalid=\"false\" name=\"menu-apartments\"><option value=\"\">&#8212;Por favor, elige una opci\u00f3n&#8212;<\/option><option value=\"Trafalgar\">Trafalgar<\/option><option value=\"Port Vell\">Port Vell<\/option><option value=\"Pescadors\">Pescadors<\/option><option value=\"Mar\">Mar<\/option><option value=\"Guitert\">Guitert<\/option><\/select><\/span>\n<\/p>\n<hr \/>\n<p style=\"float: left;\">FECHA LLEGADA<span class=\"req\"> *<\/span>\n<\/p>\n<p><span class=\"wpcf7-form-control-wrap\" data-name=\"date-arruval\"><input class=\"wpcf7-form-control wpcf7-date wpcf7-validates-as-required wpcf7-validates-as-date\" aria-required=\"true\" aria-invalid=\"false\" placeholder=\"YYYY-MM-DD\" value=\"\" type=\"date\" name=\"date-arruval\" \/><\/span>\n<\/p>\n<p style=\"float: right;\">FECHA SALIDA<span class=\"req\"> *<\/span>\n<\/p>\n<p><span class=\"wpcf7-form-control-wrap\" data-name=\"date-departure\"><input class=\"wpcf7-form-control wpcf7-date wpcf7-validates-as-required wpcf7-validates-as-date\" aria-required=\"true\" aria-invalid=\"false\" placeholder=\"YYYY-MM-DD\" value=\"\" type=\"date\" name=\"date-departure\" \/><\/span>\n<\/p>\n<hr \/>\n<p style=\"float: left;\">ADULTOS<span class=\"req\"> *<\/span>\n<\/p>\n<p><span class=\"wpcf7-form-control-wrap\" data-name=\"number-adults\"><input class=\"wpcf7-form-control wpcf7-number wpcf7-validates-as-required wpcf7-validates-as-number\" min=\"1\" max=\"10\" aria-required=\"true\" aria-invalid=\"false\" value=\"1\" type=\"number\" name=\"number-adults\" \/><\/span>\n<\/p>\n<p style=\"float: right;\">NI\u00d1OS<span class=\"req\"> *<\/span>\n<\/p>\n<p><span class=\"wpcf7-form-control-wrap\" data-name=\"number-children\"><input class=\"wpcf7-form-control wpcf7-number wpcf7-validates-as-required wpcf7-validates-as-number\" min=\"0\" max=\"10\" aria-required=\"true\" aria-invalid=\"false\" value=\"0\" type=\"number\" name=\"number-children\" \/><\/span>\n<\/p>\n<hr \/>\n<p>NOMBRE<span class=\"req\"> *<\/span>\n<\/p>\n<p><span class=\"wpcf7-form-control-wrap\" data-name=\"your-name\"><input size=\"40\" maxlength=\"400\" class=\"wpcf7-form-control wpcf7-text wpcf7-validates-as-required\" aria-required=\"true\" aria-invalid=\"false\" value=\"\" type=\"text\" name=\"your-name\" \/><\/span>\n<\/p>\n<p>CORREO ELECTR\u00d3NICO<span class=\"req\"> *<\/span>\n<\/p>\n<p><span class=\"wpcf7-form-control-wrap\" data-name=\"your-email\"><input size=\"40\" maxlength=\"400\" class=\"wpcf7-form-control wpcf7-email wpcf7-validates-as-required wpcf7-text wpcf7-validates-as-email\" aria-required=\"true\" aria-invalid=\"false\" value=\"\" type=\"email\" name=\"your-email\" \/><\/span>\n<\/p>\n<p>TEL\u00c9FONO<span class=\"req\"> *<\/span>\n<\/p>\n<p><span class=\"wpcf7-form-control-wrap\" data-name=\"your-phone\"><input size=\"40\" maxlength=\"400\" class=\"wpcf7-form-control wpcf7-tel wpcf7-validates-as-required wpcf7-text wpcf7-validates-as-tel\" aria-required=\"true\" aria-invalid=\"false\" value=\"\" type=\"tel\" name=\"your-phone\" \/><\/span>\n<\/p>\n<p>PA\u00cdS<span class=\"req\"> *<\/span>\n<\/p>\n<p><span class=\"wpcf7-form-control-wrap\" data-name=\"your-country\"><input size=\"40\" maxlength=\"400\" class=\"wpcf7-form-control wpcf7-text wpcf7-validates-as-required\" aria-required=\"true\" aria-invalid=\"false\" value=\"\" type=\"text\" name=\"your-country\" \/><\/span>\n<\/p>\n<p>COMENTARIOS\n<\/p>\n<p><span class=\"wpcf7-form-control-wrap\" data-name=\"your-message\"><textarea cols=\"40\" rows=\"10\" maxlength=\"2000\" class=\"wpcf7-form-control wpcf7-textarea\" aria-invalid=\"false\" name=\"your-message\"><\/textarea><\/span>\n<\/p>\n<p><input class=\"wpcf7-form-control wpcf7-submit has-spinner\" type=\"submit\" value=\"Enviar\" \/>\n<\/p><div class=\"wpcf7-response-output\" aria-hidden=\"true\"><\/div>\n<\/form>\n<\/div>\n\n","protected":false},"excerpt":{"rendered":"<p>Este apartamento est\u00e1 sujeto a confirmaci\u00f3n de disponibilidad.<br \/>\nPuede enviarnos sus datos y nos pondremos en contacto con usted.<\/p>\n<p role=\"status\" aria-live=\"polite\" aria-atomic=\"true\">\n<p>APARTAMENTO *\n<\/p>\n<p>&#8212;Por favor, elige <\/p>\n<div class=\"leer_mas\">read more &raquo;<\/div>\n","protected":false},"author":4,"featured_media":0,"parent":0,"menu_order":0,"comment_status":"open","ping_status":"open","template":"page-form.php","meta":{"footnotes":""},"_links":{"self":[{"href":"https:\/\/easystaybcn.com\/es\/wp-json\/wp\/v2\/pages\/229"}],"collection":[{"href":"https:\/\/easystaybcn.com\/es\/wp-json\/wp\/v2\/pages"}],"about":[{"href":"https:\/\/easystaybcn.com\/es\/wp-json\/wp\/v2\/types\/page"}],"author":[{"embeddable":true,"href":"https:\/\/easystaybcn.com\/es\/wp-json\/wp\/v2\/users\/4"}],"replies":[{"embeddable":true,"href":"https:\/\/easystaybcn.com\/es\/wp-json\/wp\/v2\/comments?post=229"}],"version-history":[{"count":0,"href":"https:\/\/easystaybcn.com\/es\/wp-json\/wp\/v2\/pages\/229\/revisions"}],"wp:attachment":[{"href":"https:\/\/easystaybcn.com\/es\/wp-json\/wp\/v2\/media?parent=229"}],"curies":[{"name":"wp","href":"https:\/\/api.w.org\/{rel}","templated":true}]}}